{"id":15392,"date":"2022-07-02T07:27:20","date_gmt":"2022-07-02T07:27:20","guid":{"rendered":"https:\/\/eduma.thimpress.com\/?page_id=15392"},"modified":"2025-05-27T18:52:38","modified_gmt":"2025-05-27T18:52:38","slug":"cens464-fundacion-uocra","status":"publish","type":"page","link":"https:\/\/uocraseccionalbahiablanca.com.ar\/cens464\/","title":{"rendered":"CENS464 | Fundaci\u00f3n UOCRA"},"content":{"rendered":"\t\t<div data-elementor-type=\"wp-page\" data-elementor-id=\"15392\" class=\"elementor elementor-15392\" data-elementor-post-type=\"page\">\n\t\t\t\t\t\t<section data-particle_enable=\"false\" data-particle-mobile-disabled=\"false\" class=\"elementor-section elementor-top-section elementor-element elementor-element-f96b36c elementor-section-stretched elementor-section-boxed elementor-section-height-default elementor-section-height-default\" data-id=\"f96b36c\" data-element_type=\"section\" data-e-type=\"section\" data-settings=\"{&quot;stretch_section&quot;:&quot;section-stretched&quot;,&quot;background_background&quot;:&quot;video&quot;,&quot;background_video_link&quot;:&quot;https:\\\/\\\/uocraseccionalbahiablanca.com.ar\\\/cens464\\\/wp-content\\\/uploads\\\/2023\\\/07\\\/INTRO-CENS-464-NVO-1.mp4&quot;,&quot;background_play_on_mobile&quot;:&quot;yes&quot;}\">\n\t\t\t\t\t\t\t\t<div class=\"elementor-background-video-container\">\n\t\t\t\t\t\t\t\t\t\t\t\t\t<video class=\"elementor-background-video-hosted\" role=\"presentation\" autoplay muted playsinline loop><\/video>\n\t\t\t\t\t\t\t\t\t\t\t<\/div>\n\t\t\t\t\t\t\t\t\t<div class=\"elementor-background-overlay\"><\/div>\n\t\t\t\t\t\t\t<div class=\"elementor-container elementor-column-gap-custom\">\n\t\t\t\t\t<div class=\"elementor-column elementor-col-100 elementor-top-column elementor-element elementor-element-06b38c4\" data-id=\"06b38c4\" data-element_type=\"column\" data-e-type=\"column\">\n\t\t\t<div class=\"elementor-widget-wrap elementor-element-populated\">\n\t\t\t\t\t\t\t<\/div>\n\t\t<\/div>\n\t\t\t\t\t<\/div>\n\t\t<\/section>\n\t\t\t\t<section data-particle_enable=\"false\" data-particle-mobile-disabled=\"false\" class=\"elementor-section elementor-top-section elementor-element elementor-element-174af74e elementor-section-height-min-height elementor-section-boxed elementor-section-height-default elementor-section-items-middle\" data-id=\"174af74e\" data-element_type=\"section\" data-e-type=\"section\" data-settings=\"{&quot;background_background&quot;:&quot;classic&quot;}\">\n\t\t\t\t\t\t\t<div class=\"elementor-background-overlay\"><\/div>\n\t\t\t\t\t\t\t<div class=\"elementor-container elementor-column-gap-default\">\n\t\t\t\t\t<div class=\"elementor-column elementor-col-100 elementor-top-column elementor-element elementor-element-20fd0d03\" data-id=\"20fd0d03\" data-element_type=\"column\" data-e-type=\"column\">\n\t\t\t<div class=\"elementor-widget-wrap elementor-element-populated\">\n\t\t\t\t\t\t<div class=\"elementor-element elementor-element-1af40389 elementor-invisible elementor-widget elementor-widget-heading\" data-id=\"1af40389\" data-element_type=\"widget\" data-e-type=\"widget\" data-settings=\"{&quot;_animation&quot;:&quot;fadeInDown&quot;}\" data-widget_type=\"heading.default\">\n\t\t\t\t<div class=\"elementor-widget-container\">\n\t\t\t\t\t<h3 class=\"elementor-heading-title elementor-size-default\">Bienvenid@s al  <b>CENS N\u00b0464<\/b><\/h3>\t\t\t\t<\/div>\n\t\t\t\t<\/div>\n\t\t\t\t<div class=\"elementor-element elementor-element-6d114e1c animated-slow elementor-invisible elementor-widget elementor-widget-heading\" data-id=\"6d114e1c\" data-element_type=\"widget\" data-e-type=\"widget\" data-settings=\"{&quot;_animation&quot;:&quot;fadeIn&quot;}\" data-widget_type=\"heading.default\">\n\t\t\t\t<div class=\"elementor-widget-container\">\n\t\t\t\t\t<h1 class=\"elementor-heading-title elementor-size-default\">nuestra propuesta se encuentra dirigida a\n <b>j\u00f3venes, adultos y adultos mayores.<\/b><\/h1>\t\t\t\t<\/div>\n\t\t\t\t<\/div>\n\t\t\t\t<div class=\"elementor-element elementor-element-2714265e elementor-align-center elementor-widget elementor-widget-button\" data-id=\"2714265e\" data-element_type=\"widget\" data-e-type=\"widget\" data-widget_type=\"button.default\">\n\t\t\t\t<div class=\"elementor-widget-container\">\n\t\t\t\t\t\t\t\t\t<div class=\"elementor-button-wrapper\">\n\t\t\t\t\t<a class=\"elementor-button elementor-button-link elementor-size-sm elementor-animation-float\" href=\"https:\/\/uocraseccionalbahiablanca.com.ar\/cens464\/identidad-institucional\/\">\n\t\t\t\t\t\t<span class=\"elementor-button-content-wrapper\">\n\t\t\t\t\t\t\t\t\t<span class=\"elementor-button-text\">Identidad institucional<\/span>\n\t\t\t\t\t<\/span>\n\t\t\t\t\t<\/a>\n\t\t\t\t<\/div>\n\t\t\t\t\t\t\t\t<\/div>\n\t\t\t\t<\/div>\n\t\t\t\t\t<\/div>\n\t\t<\/div>\n\t\t\t\t\t<\/div>\n\t\t<\/section>\n\t\t\t\t<section data-particle_enable=\"false\" data-particle-mobile-disabled=\"false\" class=\"elementor-section elementor-top-section elementor-element elementor-element-767aff4 elementor-section-boxed elementor-section-height-default elementor-section-height-default\" data-id=\"767aff4\" data-element_type=\"section\" data-e-type=\"section\">\n\t\t\t\t\t\t<div class=\"elementor-container elementor-column-gap-default\">\n\t\t\t\t\t<div class=\"elementor-column elementor-col-100 elementor-top-column elementor-element elementor-element-985cc2e\" data-id=\"985cc2e\" data-element_type=\"column\" data-e-type=\"column\">\n\t\t\t<div class=\"elementor-widget-wrap elementor-element-populated\">\n\t\t\t\t\t\t<div class=\"elementor-element elementor-element-0ddf0e6 elementor-widget-divider--view-line elementor-invisible elementor-widget elementor-widget-divider\" data-id=\"0ddf0e6\" data-element_type=\"widget\" data-e-type=\"widget\" data-settings=\"{&quot;_animation&quot;:&quot;fadeIn&quot;}\" data-widget_type=\"divider.default\">\n\t\t\t\t<div class=\"elementor-widget-container\">\n\t\t\t\t\t\t\t<div class=\"elementor-divider\">\n\t\t\t<span class=\"elementor-divider-separator\">\n\t\t\t\t\t\t<\/span>\n\t\t<\/div>\n\t\t\t\t\t\t<\/div>\n\t\t\t\t<\/div>\n\t\t\t\t\t<\/div>\n\t\t<\/div>\n\t\t\t\t\t<\/div>\n\t\t<\/section>\n\t\t\t\t<section data-particle_enable=\"false\" data-particle-mobile-disabled=\"false\" class=\"elementor-section elementor-top-section elementor-element elementor-element-68e918e elementor-section-boxed elementor-section-height-default elementor-section-height-default elementor-invisible\" data-id=\"68e918e\" data-element_type=\"section\" data-e-type=\"section\" data-settings=\"{&quot;animation&quot;:&quot;fadeInUp&quot;}\">\n\t\t\t\t\t\t<div class=\"elementor-container elementor-column-gap-default\">\n\t\t\t\t\t<div class=\"elementor-column elementor-col-100 elementor-top-column elementor-element elementor-element-18c79f8\" data-id=\"18c79f8\" data-element_type=\"column\" data-e-type=\"column\">\n\t\t\t<div class=\"elementor-widget-wrap elementor-element-populated\">\n\t\t\t\t\t\t<div class=\"elementor-element elementor-element-18bd651 elementor-invisible elementor-widget elementor-widget-heading\" data-id=\"18bd651\" data-element_type=\"widget\" data-e-type=\"widget\" data-settings=\"{&quot;_animation&quot;:&quot;fadeIn&quot;}\" data-widget_type=\"heading.default\">\n\t\t\t\t<div class=\"elementor-widget-container\">\n\t\t\t\t\t<h3 class=\"elementor-heading-title elementor-size-default\">NIVEL SECUNDARIO <p> DURACI\u00d3N <b>3 a\u00f1os <\/b><\/h3>\t\t\t\t<\/div>\n\t\t\t\t<\/div>\n\t\t\t\t\t<\/div>\n\t\t<\/div>\n\t\t\t\t\t<\/div>\n\t\t<\/section>\n\t\t\t\t<section data-particle_enable=\"false\" data-particle-mobile-disabled=\"false\" class=\"elementor-section elementor-top-section elementor-element elementor-element-3ea519ec elementor-section-boxed elementor-section-height-default elementor-section-height-default elementor-invisible\" data-id=\"3ea519ec\" data-element_type=\"section\" data-e-type=\"section\" data-settings=\"{&quot;animation&quot;:&quot;fadeIn&quot;}\">\n\t\t\t\t\t\t<div class=\"elementor-container elementor-column-gap-default\">\n\t\t\t\t\t<div class=\"elementor-column elementor-col-33 elementor-top-column elementor-element elementor-element-468da34c\" data-id=\"468da34c\" data-element_type=\"column\" data-e-type=\"column\">\n\t\t\t<div class=\"elementor-widget-wrap\">\n\t\t\t\t\t\t\t<\/div>\n\t\t<\/div>\n\t\t\t\t<div class=\"elementor-column elementor-col-33 elementor-top-column elementor-element elementor-element-827f9b0\" data-id=\"827f9b0\" data-element_type=\"column\" data-e-type=\"column\">\n\t\t\t<div class=\"elementor-widget-wrap elementor-element-populated\">\n\t\t\t\t\t\t<div class=\"elementor-element elementor-element-439e499 elementor-widget elementor-widget-text-editor\" data-id=\"439e499\" data-element_type=\"widget\" data-e-type=\"widget\" data-widget_type=\"text-editor.default\">\n\t\t\t\t<div class=\"elementor-widget-container\">\n\t\t\t\t\t\t\t\t\t<h5 style=\"text-align: center;\">HORARIO: 18.30 hs. a 22.40 hs.<\/h5><h5 style=\"text-align: center;\">TURNO NOCHE<\/h5>\t\t\t\t\t\t\t\t<\/div>\n\t\t\t\t<\/div>\n\t\t\t\t\t<\/div>\n\t\t<\/div>\n\t\t\t\t<div class=\"elementor-column elementor-col-33 elementor-top-column elementor-element elementor-element-dceeb2e\" data-id=\"dceeb2e\" data-element_type=\"column\" data-e-type=\"column\">\n\t\t\t<div class=\"elementor-widget-wrap\">\n\t\t\t\t\t\t\t<\/div>\n\t\t<\/div>\n\t\t\t\t\t<\/div>\n\t\t<\/section>\n\t\t\t\t<section data-particle_enable=\"false\" data-particle-mobile-disabled=\"false\" class=\"elementor-section elementor-top-section elementor-element elementor-element-24e3753a elementor-section-boxed elementor-section-height-default elementor-section-height-default\" data-id=\"24e3753a\" data-element_type=\"section\" data-e-type=\"section\">\n\t\t\t\t\t\t<div class=\"elementor-container elementor-column-gap-default\">\n\t\t\t\t\t<div class=\"elementor-column elementor-col-100 elementor-top-column elementor-element elementor-element-5ce09742\" data-id=\"5ce09742\" data-element_type=\"column\" data-e-type=\"column\">\n\t\t\t<div class=\"elementor-widget-wrap elementor-element-populated\">\n\t\t\t\t\t\t<section data-particle_enable=\"false\" data-particle-mobile-disabled=\"false\" class=\"elementor-section elementor-inner-section elementor-element elementor-element-77807c77 elementor-section-full_width elementor-section-height-default elementor-section-height-default\" data-id=\"77807c77\" data-element_type=\"section\" data-e-type=\"section\">\n\t\t\t\t\t\t<div class=\"elementor-container elementor-column-gap-default\">\n\t\t\t\t\t<div class=\"elementor-column elementor-col-100 elementor-inner-column elementor-element elementor-element-3ba66e4b\" data-id=\"3ba66e4b\" data-element_type=\"column\" data-e-type=\"column\">\n\t\t\t<div class=\"elementor-widget-wrap elementor-element-populated\">\n\t\t\t\t\t\t<div class=\"elementor-element elementor-element-146a1236 elementor-invisible elementor-widget elementor-widget-icon-box\" data-id=\"146a1236\" data-element_type=\"widget\" data-e-type=\"widget\" data-settings=\"{&quot;_animation&quot;:&quot;fadeIn&quot;}\" data-widget_type=\"icon-box.default\">\n\t\t\t\t<div class=\"elementor-widget-container\">\n\t\t\t\t\t\t\t<div class=\"elementor-icon-box-wrapper\">\n\n\t\t\t\n\t\t\t\t\t\t<div class=\"elementor-icon-box-content\">\n\n\t\t\t\t\t\t\t\t\t<h4 class=\"elementor-icon-box-title\">\n\t\t\t\t\t\t<span  >\n\t\t\t\t\t\t\tCursado\t\t\t\t\t\t<\/span>\n\t\t\t\t\t<\/h4>\n\t\t\t\t\n\t\t\t\t\t\t\t\t\t<p class=\"elementor-icon-box-description\">\n\t\t\t\t\t\tPresencial: 3 d\u00edas a la semana\n<p> <B>Tutor\u00eda Opcional: 2 d\u00edas a la semana\n\t\t\t\t\t<\/p>\n\t\t\t\t\n\t\t\t<\/div>\n\t\t\t\n\t\t<\/div>\n\t\t\t\t\t\t<\/div>\n\t\t\t\t<\/div>\n\t\t\t\t\t<\/div>\n\t\t<\/div>\n\t\t\t\t\t<\/div>\n\t\t<\/section>\n\t\t\t\t\t<\/div>\n\t\t<\/div>\n\t\t\t\t\t<\/div>\n\t\t<\/section>\n\t\t\t\t<section data-particle_enable=\"false\" data-particle-mobile-disabled=\"false\" class=\"elementor-section elementor-top-section elementor-element elementor-element-131037c elementor-section-boxed elementor-section-height-default elementor-section-height-default\" data-id=\"131037c\" data-element_type=\"section\" data-e-type=\"section\">\n\t\t\t\t\t\t<div class=\"elementor-container elementor-column-gap-default\">\n\t\t\t\t\t<div class=\"elementor-column elementor-col-100 elementor-top-column elementor-element elementor-element-f3945ba\" data-id=\"f3945ba\" data-element_type=\"column\" data-e-type=\"column\">\n\t\t\t<div class=\"elementor-widget-wrap elementor-element-populated\">\n\t\t\t\t\t\t<div class=\"elementor-element elementor-element-31fc226 thim-ekits-heading-text-center elementor-widget thim-ekits-heading elementor-widget-thim-heading\" data-id=\"31fc226\" data-element_type=\"widget\" data-e-type=\"widget\" data-widget_type=\"thim-heading.default\">\n\t\t\t\t<div class=\"elementor-widget-container\">\n\t\t\t\t\t<div class=\"sc_heading text-center\"><h3 class=\"title\">Nueva plataforma <span class=\"thim-color\">Educativa<\/span><\/h3><span class=\"line\"><\/span><\/div>\t\t\t\t<\/div>\n\t\t\t\t<\/div>\n\t\t\t\t\t<\/div>\n\t\t<\/div>\n\t\t\t\t\t<\/div>\n\t\t<\/section>\n\t\t\t\t<section data-particle_enable=\"false\" data-particle-mobile-disabled=\"false\" class=\"elementor-section elementor-top-section elementor-element elementor-element-6d117ac elementor-section-boxed elementor-section-height-default elementor-section-height-default\" data-id=\"6d117ac\" data-element_type=\"section\" data-e-type=\"section\">\n\t\t\t\t\t\t<div class=\"elementor-container elementor-column-gap-default\">\n\t\t\t\t\t<div class=\"elementor-column elementor-col-100 elementor-top-column elementor-element elementor-element-0132ee9\" data-id=\"0132ee9\" data-element_type=\"column\" data-e-type=\"column\">\n\t\t\t<div class=\"elementor-widget-wrap elementor-element-populated\">\n\t\t\t\t\t\t<div class=\"elementor-element elementor-element-6e3066d elementor-widget elementor-widget-video\" data-id=\"6e3066d\" data-element_type=\"widget\" data-e-type=\"widget\" data-settings=\"{&quot;youtube_url&quot;:&quot;https:\\\/\\\/youtu.be\\\/mPrX9jG4mlo&quot;,&quot;video_type&quot;:&quot;youtube&quot;,&quot;controls&quot;:&quot;yes&quot;}\" data-widget_type=\"video.default\">\n\t\t\t\t<div class=\"elementor-widget-container\">\n\t\t\t\t\t\t\t<div class=\"elementor-wrapper elementor-open-inline\">\n\t\t\t<div class=\"elementor-video\"><\/div>\t\t<\/div>\n\t\t\t\t\t\t<\/div>\n\t\t\t\t<\/div>\n\t\t\t\t\t<\/div>\n\t\t<\/div>\n\t\t\t\t\t<\/div>\n\t\t<\/section>\n\t\t\t\t<\/div>\n\t\t","protected":false},"excerpt":{"rendered":"<p>Bienvenid@s al CENS N\u00b0464 nuestra propuesta se encuentra dirigida a j\u00f3venes, adultos y adultos mayores. Identidad institucional NIVEL SECUNDARIO DURACI\u00d3N 3 a\u00f1os HORARIO: 18.30 hs. a 22.40 hs. TURNO NOCHE Cursado Presencial: 3 d\u00edas a la semana Tutor\u00eda Opcional: 2 &hellip; <\/p>\n","protected":false},"author":2,"featured_media":0,"parent":0,"menu_order":0,"comment_status":"closed","ping_status":"closed","template":"elementor_header_footer","meta":{"om_disable_all_campaigns":false,"_monsterinsights_skip_tracking":false,"_monsterinsights_sitenote_active":false,"_monsterinsights_sitenote_note":"","_monsterinsights_sitenote_category":0,"_uf_show_specific_survey":0,"_uf_disable_surveys":false,"_joinchat":[],"footnotes":""},"class_list":["post-15392","page","type-page","status-publish","hentry"],"yoast_head":"<!-- This site is optimized with the Yoast SEO Premium plugin v23.6 (Yoast SEO v27.5) - https:\/\/yoast.com\/product\/yoast-seo-premium-wordpress\/ -->\n<title>CENS464 | Fundaci\u00f3n UOCRA - Fundaci\u00f3n UOCRA<\/title>\n<meta name=\"description\" content=\"El CENS N\u00b0464, en convenio con la Fundaci\u00f3n UOCRA, ofrece una propuesta educativa de nivel secundario dirigida a j\u00f3venes, adultos y adultos mayores del sector de la construcci\u00f3n. Su enfoque en Inform\u00e1tica busca capacitar a los estudiantes en el uso de herramientas tecnol\u00f3gicas relevantes para ciudadanos digitales, promoviendo el desarrollo de competencias profesionales necesarias en el mundo laboral actual\" \/>\n<meta name=\"robots\" content=\"index, follow, max-snippet:-1, max-image-preview:large, max-video-preview:-1\" \/>\n<link rel=\"canonical\" href=\"https:\/\/uocraseccionalbahiablanca.com.ar\/cens464\/\" \/>\n<meta property=\"og:locale\" content=\"es_ES\" \/>\n<meta property=\"og:type\" content=\"article\" \/>\n<meta property=\"og:title\" content=\"CENS464 | Fundaci\u00f3n UOCRA\" \/>\n<meta property=\"og:description\" content=\"El CENS N\u00b0464, en convenio con la Fundaci\u00f3n UOCRA, ofrece una propuesta educativa de nivel secundario dirigida a j\u00f3venes, adultos y adultos mayores del sector de la construcci\u00f3n. Su enfoque en Inform\u00e1tica busca capacitar a los estudiantes en el uso de herramientas tecnol\u00f3gicas relevantes para ciudadanos digitales, promoviendo el desarrollo de competencias profesionales necesarias en el mundo laboral actual\" \/>\n<meta property=\"og:url\" content=\"https:\/\/uocraseccionalbahiablanca.com.ar\/cens464\/\" \/>\n<meta property=\"og:site_name\" content=\"Fundaci\u00f3n UOCRA\" \/>\n<meta property=\"article:modified_time\" content=\"2025-05-27T18:52:38+00:00\" \/>\n<meta property=\"og:image\" content=\"https:\/\/uocraseccionalbahiablanca.com.ar\/cens464\/wp-content\/uploads\/2023\/02\/Diseno-sin-titulo-1.png\" \/>\n\t<meta property=\"og:image:width\" content=\"1920\" \/>\n\t<meta property=\"og:image:height\" content=\"1080\" \/>\n\t<meta property=\"og:image:type\" content=\"image\/png\" \/>\n<meta name=\"twitter:card\" content=\"summary_large_image\" \/>\n<meta name=\"twitter:label1\" content=\"Tiempo de lectura\" \/>\n\t<meta name=\"twitter:data1\" content=\"1 minuto\" \/>\n<script type=\"application\/ld+json\" class=\"yoast-schema-graph\">{\"@context\":\"https:\\\/\\\/schema.org\",\"@graph\":[{\"@type\":\"WebPage\",\"@id\":\"https:\\\/\\\/uocraseccionalbahiablanca.com.ar\\\/cens464\\\/\",\"url\":\"https:\\\/\\\/uocraseccionalbahiablanca.com.ar\\\/cens464\\\/\",\"name\":\"CENS464 | Fundaci\u00f3n UOCRA - Fundaci\u00f3n UOCRA\",\"isPartOf\":{\"@id\":\"https:\\\/\\\/uocraseccionalbahiablanca.com.ar\\\/cens464\\\/#website\"},\"datePublished\":\"2022-07-02T07:27:20+00:00\",\"dateModified\":\"2025-05-27T18:52:38+00:00\",\"description\":\"El CENS N\u00b0464, en convenio con la Fundaci\u00f3n UOCRA, ofrece una propuesta educativa de nivel secundario dirigida a j\u00f3venes, adultos y adultos mayores del sector de la construcci\u00f3n. Su enfoque en Inform\u00e1tica busca capacitar a los estudiantes en el uso de herramientas tecnol\u00f3gicas relevantes para ciudadanos digitales, promoviendo el desarrollo de competencias profesionales necesarias en el mundo laboral actual\",\"breadcrumb\":{\"@id\":\"https:\\\/\\\/uocraseccionalbahiablanca.com.ar\\\/cens464\\\/#breadcrumb\"},\"inLanguage\":\"es\",\"potentialAction\":[{\"@type\":\"ReadAction\",\"target\":[\"https:\\\/\\\/uocraseccionalbahiablanca.com.ar\\\/cens464\\\/\"]}]},{\"@type\":\"BreadcrumbList\",\"@id\":\"https:\\\/\\\/uocraseccionalbahiablanca.com.ar\\\/cens464\\\/#breadcrumb\",\"itemListElement\":[{\"@type\":\"ListItem\",\"position\":1,\"name\":\"Portada\",\"item\":\"https:\\\/\\\/uocraseccionalbahiablanca.com.ar\\\/cens464\\\/\"},{\"@type\":\"ListItem\",\"position\":2,\"name\":\"CENS464 | Fundaci\u00f3n UOCRA\"}]},{\"@type\":\"WebSite\",\"@id\":\"https:\\\/\\\/uocraseccionalbahiablanca.com.ar\\\/cens464\\\/#website\",\"url\":\"https:\\\/\\\/uocraseccionalbahiablanca.com.ar\\\/cens464\\\/\",\"name\":\"CENS 464\",\"description\":\"CENS 464 Bah\u00eda Blanca | Fundaci\u00f3n UOCRA\",\"publisher\":{\"@id\":\"https:\\\/\\\/uocraseccionalbahiablanca.com.ar\\\/cens464\\\/#organization\"},\"alternateName\":\"Fundaci\u00f3n UOCRA\",\"potentialAction\":[{\"@type\":\"SearchAction\",\"target\":{\"@type\":\"EntryPoint\",\"urlTemplate\":\"https:\\\/\\\/uocraseccionalbahiablanca.com.ar\\\/cens464\\\/?s={search_term_string}\"},\"query-input\":{\"@type\":\"PropertyValueSpecification\",\"valueRequired\":true,\"valueName\":\"search_term_string\"}}],\"inLanguage\":\"es\"},{\"@type\":\"Organization\",\"@id\":\"https:\\\/\\\/uocraseccionalbahiablanca.com.ar\\\/cens464\\\/#organization\",\"name\":\"CENS 464\",\"url\":\"https:\\\/\\\/uocraseccionalbahiablanca.com.ar\\\/cens464\\\/\",\"logo\":{\"@type\":\"ImageObject\",\"inLanguage\":\"es\",\"@id\":\"https:\\\/\\\/uocraseccionalbahiablanca.com.ar\\\/cens464\\\/#\\\/schema\\\/logo\\\/image\\\/\",\"url\":\"https:\\\/\\\/uocraseccionalbahiablanca.com.ar\\\/cens464\\\/wp-content\\\/uploads\\\/2023\\\/06\\\/Logo-UOCRA.png\",\"contentUrl\":\"https:\\\/\\\/uocraseccionalbahiablanca.com.ar\\\/cens464\\\/wp-content\\\/uploads\\\/2023\\\/06\\\/Logo-UOCRA.png\",\"width\":500,\"height\":500,\"caption\":\"CENS 464\"},\"image\":{\"@id\":\"https:\\\/\\\/uocraseccionalbahiablanca.com.ar\\\/cens464\\\/#\\\/schema\\\/logo\\\/image\\\/\"}}]}<\/script>\n<!-- \/ Yoast SEO Premium plugin. -->","yoast_head_json":{"title":"CENS464 | Fundaci\u00f3n UOCRA - Fundaci\u00f3n UOCRA","description":"El CENS N\u00b0464, en convenio con la Fundaci\u00f3n UOCRA, ofrece una propuesta educativa de nivel secundario dirigida a j\u00f3venes, adultos y adultos mayores del sector de la construcci\u00f3n. Su enfoque en Inform\u00e1tica busca capacitar a los estudiantes en el uso de herramientas tecnol\u00f3gicas relevantes para ciudadanos digitales, promoviendo el desarrollo de competencias profesionales necesarias en el mundo laboral actual","robots":{"index":"index","follow":"follow","max-snippet":"max-snippet:-1","max-image-preview":"max-image-preview:large","max-video-preview":"max-video-preview:-1"},"canonical":"https:\/\/uocraseccionalbahiablanca.com.ar\/cens464\/","og_locale":"es_ES","og_type":"article","og_title":"CENS464 | Fundaci\u00f3n UOCRA","og_description":"El CENS N\u00b0464, en convenio con la Fundaci\u00f3n UOCRA, ofrece una propuesta educativa de nivel secundario dirigida a j\u00f3venes, adultos y adultos mayores del sector de la construcci\u00f3n. Su enfoque en Inform\u00e1tica busca capacitar a los estudiantes en el uso de herramientas tecnol\u00f3gicas relevantes para ciudadanos digitales, promoviendo el desarrollo de competencias profesionales necesarias en el mundo laboral actual","og_url":"https:\/\/uocraseccionalbahiablanca.com.ar\/cens464\/","og_site_name":"Fundaci\u00f3n UOCRA","article_modified_time":"2025-05-27T18:52:38+00:00","og_image":[{"width":1920,"height":1080,"url":"https:\/\/uocraseccionalbahiablanca.com.ar\/cens464\/wp-content\/uploads\/2023\/02\/Diseno-sin-titulo-1.png","type":"image\/png"}],"twitter_card":"summary_large_image","twitter_misc":{"Tiempo de lectura":"1 minuto"},"schema":{"@context":"https:\/\/schema.org","@graph":[{"@type":"WebPage","@id":"https:\/\/uocraseccionalbahiablanca.com.ar\/cens464\/","url":"https:\/\/uocraseccionalbahiablanca.com.ar\/cens464\/","name":"CENS464 | Fundaci\u00f3n UOCRA - Fundaci\u00f3n UOCRA","isPartOf":{"@id":"https:\/\/uocraseccionalbahiablanca.com.ar\/cens464\/#website"},"datePublished":"2022-07-02T07:27:20+00:00","dateModified":"2025-05-27T18:52:38+00:00","description":"El CENS N\u00b0464, en convenio con la Fundaci\u00f3n UOCRA, ofrece una propuesta educativa de nivel secundario dirigida a j\u00f3venes, adultos y adultos mayores del sector de la construcci\u00f3n. Su enfoque en Inform\u00e1tica busca capacitar a los estudiantes en el uso de herramientas tecnol\u00f3gicas relevantes para ciudadanos digitales, promoviendo el desarrollo de competencias profesionales necesarias en el mundo laboral actual","breadcrumb":{"@id":"https:\/\/uocraseccionalbahiablanca.com.ar\/cens464\/#breadcrumb"},"inLanguage":"es","potentialAction":[{"@type":"ReadAction","target":["https:\/\/uocraseccionalbahiablanca.com.ar\/cens464\/"]}]},{"@type":"BreadcrumbList","@id":"https:\/\/uocraseccionalbahiablanca.com.ar\/cens464\/#breadcrumb","itemListElement":[{"@type":"ListItem","position":1,"name":"Portada","item":"https:\/\/uocraseccionalbahiablanca.com.ar\/cens464\/"},{"@type":"ListItem","position":2,"name":"CENS464 | Fundaci\u00f3n UOCRA"}]},{"@type":"WebSite","@id":"https:\/\/uocraseccionalbahiablanca.com.ar\/cens464\/#website","url":"https:\/\/uocraseccionalbahiablanca.com.ar\/cens464\/","name":"CENS 464","description":"CENS 464 Bah\u00eda Blanca | Fundaci\u00f3n UOCRA","publisher":{"@id":"https:\/\/uocraseccionalbahiablanca.com.ar\/cens464\/#organization"},"alternateName":"Fundaci\u00f3n UOCRA","potentialAction":[{"@type":"SearchAction","target":{"@type":"EntryPoint","urlTemplate":"https:\/\/uocraseccionalbahiablanca.com.ar\/cens464\/?s={search_term_string}"},"query-input":{"@type":"PropertyValueSpecification","valueRequired":true,"valueName":"search_term_string"}}],"inLanguage":"es"},{"@type":"Organization","@id":"https:\/\/uocraseccionalbahiablanca.com.ar\/cens464\/#organization","name":"CENS 464","url":"https:\/\/uocraseccionalbahiablanca.com.ar\/cens464\/","logo":{"@type":"ImageObject","inLanguage":"es","@id":"https:\/\/uocraseccionalbahiablanca.com.ar\/cens464\/#\/schema\/logo\/image\/","url":"https:\/\/uocraseccionalbahiablanca.com.ar\/cens464\/wp-content\/uploads\/2023\/06\/Logo-UOCRA.png","contentUrl":"https:\/\/uocraseccionalbahiablanca.com.ar\/cens464\/wp-content\/uploads\/2023\/06\/Logo-UOCRA.png","width":500,"height":500,"caption":"CENS 464"},"image":{"@id":"https:\/\/uocraseccionalbahiablanca.com.ar\/cens464\/#\/schema\/logo\/image\/"}}]}},"_links":{"self":[{"href":"https:\/\/uocraseccionalbahiablanca.com.ar\/cens464\/wp-json\/wp\/v2\/pages\/15392","targetHints":{"allow":["GET"]}}],"collection":[{"href":"https:\/\/uocraseccionalbahiablanca.com.ar\/cens464\/wp-json\/wp\/v2\/pages"}],"about":[{"href":"https:\/\/uocraseccionalbahiablanca.com.ar\/cens464\/wp-json\/wp\/v2\/types\/page"}],"author":[{"embeddable":true,"href":"https:\/\/uocraseccionalbahiablanca.com.ar\/cens464\/wp-json\/wp\/v2\/users\/2"}],"replies":[{"embeddable":true,"href":"https:\/\/uocraseccionalbahiablanca.com.ar\/cens464\/wp-json\/wp\/v2\/comments?post=15392"}],"version-history":[{"count":293,"href":"https:\/\/uocraseccionalbahiablanca.com.ar\/cens464\/wp-json\/wp\/v2\/pages\/15392\/revisions"}],"predecessor-version":[{"id":20689,"href":"https:\/\/uocraseccionalbahiablanca.com.ar\/cens464\/wp-json\/wp\/v2\/pages\/15392\/revisions\/20689"}],"wp:attachment":[{"href":"https:\/\/uocraseccionalbahiablanca.com.ar\/cens464\/wp-json\/wp\/v2\/media?parent=15392"}],"curies":[{"name":"wp","href":"https:\/\/api.w.org\/{rel}","templated":true}]}}