{"id":19380,"date":"2023-04-05T22:43:49","date_gmt":"2023-04-05T22:43:49","guid":{"rendered":"https:\/\/uocraseccionalbahiablanca.com.ar\/cens464\/?page_id=19380"},"modified":"2024-04-17T00:24:46","modified_gmt":"2024-04-17T00:24:46","slug":"horarios-primero-a","status":"publish","type":"page","link":"https:\/\/uocraseccionalbahiablanca.com.ar\/cens464\/horarios-primero-a\/","title":{"rendered":"Horarios primero A"},"content":{"rendered":"\t\t<div data-elementor-type=\"wp-page\" data-elementor-id=\"19380\" class=\"elementor elementor-19380\" data-elementor-post-type=\"page\">\n\t\t\t\t\t\t<section data-particle_enable=\"false\" data-particle-mobile-disabled=\"false\" class=\"elementor-section elementor-top-section elementor-element elementor-element-56fcc10 elementor-section-full_width elementor-section-height-min-height elementor-section-stretched elementor-section-height-default elementor-section-items-middle\" data-id=\"56fcc10\" data-element_type=\"section\" data-e-type=\"section\" data-settings=\"{&quot;stretch_section&quot;:&quot;section-stretched&quot;,&quot;background_background&quot;:&quot;slideshow&quot;,&quot;background_slideshow_gallery&quot;:[{&quot;id&quot;:19384,&quot;url&quot;:&quot;https:\\\/\\\/uocraseccionalbahiablanca.com.ar\\\/cens464\\\/wp-content\\\/uploads\\\/2023\\\/04\\\/BIENVENIDOS-A-1.png&quot;}],&quot;background_slideshow_loop&quot;:&quot;yes&quot;,&quot;background_slideshow_slide_duration&quot;:5000,&quot;background_slideshow_slide_transition&quot;:&quot;fade&quot;,&quot;background_slideshow_transition_duration&quot;:500}\">\n\t\t\t\t\t\t<div class=\"elementor-container elementor-column-gap-default\">\n\t\t\t\t\t<div class=\"elementor-column elementor-col-100 elementor-top-column elementor-element elementor-element-0b0c8d3\" data-id=\"0b0c8d3\" data-element_type=\"column\" data-e-type=\"column\">\n\t\t\t<div class=\"elementor-widget-wrap\">\n\t\t\t\t\t\t\t<\/div>\n\t\t<\/div>\n\t\t\t\t\t<\/div>\n\t\t<\/section>\n\t\t\t\t<section data-particle_enable=\"false\" data-particle-mobile-disabled=\"false\" class=\"elementor-section elementor-top-section elementor-element elementor-element-b24bda4 elementor-section-boxed elementor-section-height-default elementor-section-height-default\" data-id=\"b24bda4\" data-element_type=\"section\" data-e-type=\"section\">\n\t\t\t\t\t\t<div class=\"elementor-container elementor-column-gap-default\">\n\t\t\t\t\t<div class=\"elementor-column elementor-col-100 elementor-top-column elementor-element elementor-element-0b42b69\" data-id=\"0b42b69\" data-element_type=\"column\" data-e-type=\"column\">\n\t\t\t<div class=\"elementor-widget-wrap elementor-element-populated\">\n\t\t\t\t\t\t<div class=\"elementor-element elementor-element-c7b9d80 thim-ekits-heading-text-center elementor-invisible elementor-widget thim-ekits-heading elementor-widget-thim-heading\" data-id=\"c7b9d80\" data-element_type=\"widget\" data-e-type=\"widget\" data-settings=\"{&quot;_animation&quot;:&quot;fadeIn&quot;}\" data-widget_type=\"thim-heading.default\">\n\t\t\t\t<div class=\"elementor-widget-container\">\n\t\t\t\t\t<div class=\"sc_heading text-center clone_title\"><h3 class=\"title\">PRIMER A\u00d1O<\/h3><div class=\"clone\">PRIMER A\u00d1O<\/div><span class=\"line\"><\/span><\/div>\t\t\t\t<\/div>\n\t\t\t\t<\/div>\n\t\t\t\t\t<\/div>\n\t\t<\/div>\n\t\t\t\t\t<\/div>\n\t\t<\/section>\n\t\t\t\t<section data-particle_enable=\"false\" data-particle-mobile-disabled=\"false\" class=\"elementor-section elementor-top-section elementor-element elementor-element-9e8ba61 elementor-section-boxed elementor-section-height-default elementor-section-height-default\" data-id=\"9e8ba61\" data-element_type=\"section\" data-e-type=\"section\">\n\t\t\t\t\t\t<div class=\"elementor-container elementor-column-gap-default\">\n\t\t\t\t\t<div class=\"elementor-column elementor-col-100 elementor-top-column elementor-element elementor-element-552f1b6\" data-id=\"552f1b6\" data-element_type=\"column\" data-e-type=\"column\">\n\t\t\t<div class=\"elementor-widget-wrap\">\n\t\t\t\t\t\t\t<\/div>\n\t\t<\/div>\n\t\t\t\t\t<\/div>\n\t\t<\/section>\n\t\t\t\t<\/div>\n\t\t","protected":false},"excerpt":{"rendered":"<p>PRIMER A\u00d1O PRIMER A\u00d1O Horarios Lunes Martes Mi\u00e9rcoles Jueves Viernes 18:30 &#8211; 19:10Hs Matem\u00e1tica 1 \/ 2 Educaci\u00f3n Art\u00edstica 1 \/ 2 ( pl\u00e1stica) Lengua Adicional 1 \/ 2 Matem\u00e1tica 1 \/ 2 Pr\u00e1cticas del Lenguaje 1 \/ 2 19:10 &hellip; <\/p>\n","protected":false},"author":6,"featured_media":0,"parent":0,"menu_order":0,"comment_status":"closed","ping_status":"closed","template":"","meta":{"om_disable_all_campaigns":false,"_monsterinsights_skip_tracking":false,"_monsterinsights_sitenote_active":false,"_monsterinsights_sitenote_note":"","_monsterinsights_sitenote_category":0,"_uf_show_specific_survey":0,"_uf_disable_surveys":false,"_joinchat":[],"footnotes":""},"class_list":["post-19380","page","type-page","status-publish","hentry"],"yoast_head":"<!-- This site is optimized with the Yoast SEO Premium plugin v23.6 (Yoast SEO v27.5) - https:\/\/yoast.com\/product\/yoast-seo-premium-wordpress\/ -->\n<title>Horarios primero A - Fundaci\u00f3n UOCRA<\/title>\n<meta name=\"robots\" content=\"index, follow, max-snippet:-1, max-image-preview:large, max-video-preview:-1\" \/>\n<link rel=\"canonical\" href=\"https:\/\/uocraseccionalbahiablanca.com.ar\/cens464\/horarios-primero-a\/\" \/>\n<meta property=\"og:locale\" content=\"es_ES\" \/>\n<meta property=\"og:type\" content=\"article\" \/>\n<meta property=\"og:title\" content=\"Horarios primero A\" \/>\n<meta property=\"og:description\" content=\"PRIMER A\u00d1O PRIMER A\u00d1O Horarios Lunes Martes Mi\u00e9rcoles Jueves Viernes 18:30 &#8211; 19:10Hs Matem\u00e1tica 1 \/ 2 Educaci\u00f3n Art\u00edstica 1 \/ 2 ( pl\u00e1stica) Lengua Adicional 1 \/ 2 Matem\u00e1tica 1 \/ 2 Pr\u00e1cticas del Lenguaje 1 \/ 2 19:10 &hellip;\" \/>\n<meta property=\"og:url\" content=\"https:\/\/uocraseccionalbahiablanca.com.ar\/cens464\/horarios-primero-a\/\" \/>\n<meta property=\"og:site_name\" content=\"Fundaci\u00f3n UOCRA\" \/>\n<meta property=\"article:modified_time\" content=\"2024-04-17T00:24:46+00:00\" \/>\n<meta property=\"og:image\" content=\"https:\/\/uocraseccionalbahiablanca.com.ar\/cens464\/wp-content\/uploads\/2023\/02\/Diseno-sin-titulo-1.png\" \/>\n\t<meta property=\"og:image:width\" content=\"1920\" \/>\n\t<meta property=\"og:image:height\" content=\"1080\" \/>\n\t<meta property=\"og:image:type\" content=\"image\/png\" \/>\n<meta name=\"twitter:card\" content=\"summary_large_image\" \/>\n<meta name=\"twitter:label1\" content=\"Tiempo de lectura\" \/>\n\t<meta name=\"twitter:data1\" content=\"1 minuto\" \/>\n<script type=\"application\/ld+json\" class=\"yoast-schema-graph\">{\"@context\":\"https:\\\/\\\/schema.org\",\"@graph\":[{\"@type\":\"WebPage\",\"@id\":\"https:\\\/\\\/uocraseccionalbahiablanca.com.ar\\\/cens464\\\/horarios-primero-a\\\/\",\"url\":\"https:\\\/\\\/uocraseccionalbahiablanca.com.ar\\\/cens464\\\/horarios-primero-a\\\/\",\"name\":\"Horarios primero A - Fundaci\u00f3n UOCRA\",\"isPartOf\":{\"@id\":\"https:\\\/\\\/uocraseccionalbahiablanca.com.ar\\\/cens464\\\/#website\"},\"datePublished\":\"2023-04-05T22:43:49+00:00\",\"dateModified\":\"2024-04-17T00:24:46+00:00\",\"breadcrumb\":{\"@id\":\"https:\\\/\\\/uocraseccionalbahiablanca.com.ar\\\/cens464\\\/horarios-primero-a\\\/#breadcrumb\"},\"inLanguage\":\"es\",\"potentialAction\":[{\"@type\":\"ReadAction\",\"target\":[\"https:\\\/\\\/uocraseccionalbahiablanca.com.ar\\\/cens464\\\/horarios-primero-a\\\/\"]}]},{\"@type\":\"BreadcrumbList\",\"@id\":\"https:\\\/\\\/uocraseccionalbahiablanca.com.ar\\\/cens464\\\/horarios-primero-a\\\/#breadcrumb\",\"itemListElement\":[{\"@type\":\"ListItem\",\"position\":1,\"name\":\"Portada\",\"item\":\"https:\\\/\\\/uocraseccionalbahiablanca.com.ar\\\/cens464\\\/\"},{\"@type\":\"ListItem\",\"position\":2,\"name\":\"Horarios primero A\"}]},{\"@type\":\"WebSite\",\"@id\":\"https:\\\/\\\/uocraseccionalbahiablanca.com.ar\\\/cens464\\\/#website\",\"url\":\"https:\\\/\\\/uocraseccionalbahiablanca.com.ar\\\/cens464\\\/\",\"name\":\"CENS 464\",\"description\":\"CENS 464 Bah\u00eda Blanca | Fundaci\u00f3n UOCRA\",\"publisher\":{\"@id\":\"https:\\\/\\\/uocraseccionalbahiablanca.com.ar\\\/cens464\\\/#organization\"},\"alternateName\":\"Fundaci\u00f3n UOCRA\",\"potentialAction\":[{\"@type\":\"SearchAction\",\"target\":{\"@type\":\"EntryPoint\",\"urlTemplate\":\"https:\\\/\\\/uocraseccionalbahiablanca.com.ar\\\/cens464\\\/?s={search_term_string}\"},\"query-input\":{\"@type\":\"PropertyValueSpecification\",\"valueRequired\":true,\"valueName\":\"search_term_string\"}}],\"inLanguage\":\"es\"},{\"@type\":\"Organization\",\"@id\":\"https:\\\/\\\/uocraseccionalbahiablanca.com.ar\\\/cens464\\\/#organization\",\"name\":\"CENS 464\",\"url\":\"https:\\\/\\\/uocraseccionalbahiablanca.com.ar\\\/cens464\\\/\",\"logo\":{\"@type\":\"ImageObject\",\"inLanguage\":\"es\",\"@id\":\"https:\\\/\\\/uocraseccionalbahiablanca.com.ar\\\/cens464\\\/#\\\/schema\\\/logo\\\/image\\\/\",\"url\":\"https:\\\/\\\/uocraseccionalbahiablanca.com.ar\\\/cens464\\\/wp-content\\\/uploads\\\/2023\\\/06\\\/Logo-UOCRA.png\",\"contentUrl\":\"https:\\\/\\\/uocraseccionalbahiablanca.com.ar\\\/cens464\\\/wp-content\\\/uploads\\\/2023\\\/06\\\/Logo-UOCRA.png\",\"width\":500,\"height\":500,\"caption\":\"CENS 464\"},\"image\":{\"@id\":\"https:\\\/\\\/uocraseccionalbahiablanca.com.ar\\\/cens464\\\/#\\\/schema\\\/logo\\\/image\\\/\"}}]}<\/script>\n<!-- \/ Yoast SEO Premium plugin. -->","yoast_head_json":{"title":"Horarios primero A - Fundaci\u00f3n UOCRA","robots":{"index":"index","follow":"follow","max-snippet":"max-snippet:-1","max-image-preview":"max-image-preview:large","max-video-preview":"max-video-preview:-1"},"canonical":"https:\/\/uocraseccionalbahiablanca.com.ar\/cens464\/horarios-primero-a\/","og_locale":"es_ES","og_type":"article","og_title":"Horarios primero A","og_description":"PRIMER A\u00d1O PRIMER A\u00d1O Horarios Lunes Martes Mi\u00e9rcoles Jueves Viernes 18:30 &#8211; 19:10Hs Matem\u00e1tica 1 \/ 2 Educaci\u00f3n Art\u00edstica 1 \/ 2 ( pl\u00e1stica) Lengua Adicional 1 \/ 2 Matem\u00e1tica 1 \/ 2 Pr\u00e1cticas del Lenguaje 1 \/ 2 19:10 &hellip;","og_url":"https:\/\/uocraseccionalbahiablanca.com.ar\/cens464\/horarios-primero-a\/","og_site_name":"Fundaci\u00f3n UOCRA","article_modified_time":"2024-04-17T00:24:46+00:00","og_image":[{"width":1920,"height":1080,"url":"https:\/\/uocraseccionalbahiablanca.com.ar\/cens464\/wp-content\/uploads\/2023\/02\/Diseno-sin-titulo-1.png","type":"image\/png"}],"twitter_card":"summary_large_image","twitter_misc":{"Tiempo de lectura":"1 minuto"},"schema":{"@context":"https:\/\/schema.org","@graph":[{"@type":"WebPage","@id":"https:\/\/uocraseccionalbahiablanca.com.ar\/cens464\/horarios-primero-a\/","url":"https:\/\/uocraseccionalbahiablanca.com.ar\/cens464\/horarios-primero-a\/","name":"Horarios primero A - Fundaci\u00f3n UOCRA","isPartOf":{"@id":"https:\/\/uocraseccionalbahiablanca.com.ar\/cens464\/#website"},"datePublished":"2023-04-05T22:43:49+00:00","dateModified":"2024-04-17T00:24:46+00:00","breadcrumb":{"@id":"https:\/\/uocraseccionalbahiablanca.com.ar\/cens464\/horarios-primero-a\/#breadcrumb"},"inLanguage":"es","potentialAction":[{"@type":"ReadAction","target":["https:\/\/uocraseccionalbahiablanca.com.ar\/cens464\/horarios-primero-a\/"]}]},{"@type":"BreadcrumbList","@id":"https:\/\/uocraseccionalbahiablanca.com.ar\/cens464\/horarios-primero-a\/#breadcrumb","itemListElement":[{"@type":"ListItem","position":1,"name":"Portada","item":"https:\/\/uocraseccionalbahiablanca.com.ar\/cens464\/"},{"@type":"ListItem","position":2,"name":"Horarios primero A"}]},{"@type":"WebSite","@id":"https:\/\/uocraseccionalbahiablanca.com.ar\/cens464\/#website","url":"https:\/\/uocraseccionalbahiablanca.com.ar\/cens464\/","name":"CENS 464","description":"CENS 464 Bah\u00eda Blanca | Fundaci\u00f3n UOCRA","publisher":{"@id":"https:\/\/uocraseccionalbahiablanca.com.ar\/cens464\/#organization"},"alternateName":"Fundaci\u00f3n UOCRA","potentialAction":[{"@type":"SearchAction","target":{"@type":"EntryPoint","urlTemplate":"https:\/\/uocraseccionalbahiablanca.com.ar\/cens464\/?s={search_term_string}"},"query-input":{"@type":"PropertyValueSpecification","valueRequired":true,"valueName":"search_term_string"}}],"inLanguage":"es"},{"@type":"Organization","@id":"https:\/\/uocraseccionalbahiablanca.com.ar\/cens464\/#organization","name":"CENS 464","url":"https:\/\/uocraseccionalbahiablanca.com.ar\/cens464\/","logo":{"@type":"ImageObject","inLanguage":"es","@id":"https:\/\/uocraseccionalbahiablanca.com.ar\/cens464\/#\/schema\/logo\/image\/","url":"https:\/\/uocraseccionalbahiablanca.com.ar\/cens464\/wp-content\/uploads\/2023\/06\/Logo-UOCRA.png","contentUrl":"https:\/\/uocraseccionalbahiablanca.com.ar\/cens464\/wp-content\/uploads\/2023\/06\/Logo-UOCRA.png","width":500,"height":500,"caption":"CENS 464"},"image":{"@id":"https:\/\/uocraseccionalbahiablanca.com.ar\/cens464\/#\/schema\/logo\/image\/"}}]}},"_links":{"self":[{"href":"https:\/\/uocraseccionalbahiablanca.com.ar\/cens464\/wp-json\/wp\/v2\/pages\/19380","targetHints":{"allow":["GET"]}}],"collection":[{"href":"https:\/\/uocraseccionalbahiablanca.com.ar\/cens464\/wp-json\/wp\/v2\/pages"}],"about":[{"href":"https:\/\/uocraseccionalbahiablanca.com.ar\/cens464\/wp-json\/wp\/v2\/types\/page"}],"author":[{"embeddable":true,"href":"https:\/\/uocraseccionalbahiablanca.com.ar\/cens464\/wp-json\/wp\/v2\/users\/6"}],"replies":[{"embeddable":true,"href":"https:\/\/uocraseccionalbahiablanca.com.ar\/cens464\/wp-json\/wp\/v2\/comments?post=19380"}],"version-history":[{"count":74,"href":"https:\/\/uocraseccionalbahiablanca.com.ar\/cens464\/wp-json\/wp\/v2\/pages\/19380\/revisions"}],"predecessor-version":[{"id":20599,"href":"https:\/\/uocraseccionalbahiablanca.com.ar\/cens464\/wp-json\/wp\/v2\/pages\/19380\/revisions\/20599"}],"wp:attachment":[{"href":"https:\/\/uocraseccionalbahiablanca.com.ar\/cens464\/wp-json\/wp\/v2\/media?parent=19380"}],"curies":[{"name":"wp","href":"https:\/\/api.w.org\/{rel}","templated":true}]}}